{"id":116,"date":"2020-11-04T18:22:03","date_gmt":"2020-11-04T17:22:03","guid":{"rendered":"https:\/\/morellahandwoven.hu\/?post_type=product&#038;p=116"},"modified":"2020-11-15T22:39:30","modified_gmt":"2020-11-15T21:39:30","slug":"okotudatos","status":"publish","type":"product","link":"https:\/\/morellahandwoven.hu\/index.php\/termek\/okotudatos\/","title":{"rendered":"\u00d6kotudatos &#8211; T\u00fcrkizz\u00f6ld kend\u0151"},"content":{"rendered":"<p>Az \u00d6kotudatos kollekci\u00f3 tagja<br \/>\nT\u00fcrkiszz\u00f6ld, \u00fajrahasznos\u00edtott pamutb\u00f3l k\u00e9sz\u00fclt uniszex s\u00e1l. Enyh\u00e9n text\u00far\u00e1lt fel\u00fclet\u0171, elsz\u00f3rtan feh\u00e9r \u00e9s barna cs\u00edkok d\u00edsz\u00edtik. Kifejezetten puha, kellemes \u00e9rz\u00e9s a b\u0151rnek.<\/p>\n<p><span data-sheets-value=\"{&quot;1&quot;:2,&quot;2&quot;:&quot;\u00d6kotudatos. K\u00e9kesz\u00f6ld, \u00fajrahasznos\u00edtott pamutb\u00f3l k\u00e9sz\u00fclt uniszex s\u00e1l. Enyh\u00e9n text\u00far\u00e1lt fel\u00fclet\u0171, elsz\u00f3rtan feh\u00e9r \u00e9s barna cs\u00edkok d\u00edsz\u00edtik. Kifejezetten puha, kellemes \u00e9rz\u00e9s a b\u0151rnek. 180x41cm&quot;}\" data-sheets-userformat=\"{&quot;2&quot;:6657,&quot;3&quot;:{&quot;1&quot;:0},&quot;12&quot;:0,&quot;14&quot;:{&quot;1&quot;:2,&quot;2&quot;:0},&quot;15&quot;:&quot;Arial, sans-serif&quot;}\">M\u00e9ret: <\/span><span data-sheets-value=\"{&quot;1&quot;:2,&quot;2&quot;:&quot;\u00d6kotudatos. K\u00e9kesz\u00f6ld, \u00fajrahasznos\u00edtott pamutb\u00f3l k\u00e9sz\u00fclt uniszex s\u00e1l. Enyh\u00e9n text\u00far\u00e1lt fel\u00fclet\u0171, elsz\u00f3rtan feh\u00e9r \u00e9s barna cs\u00edkok d\u00edsz\u00edtik. Kifejezetten puha, kellemes \u00e9rz\u00e9s a b\u0151rnek. 180x41cm&quot;}\" data-sheets-userformat=\"{&quot;2&quot;:6657,&quot;3&quot;:{&quot;1&quot;:0},&quot;12&quot;:0,&quot;14&quot;:{&quot;1&quot;:2,&quot;2&quot;:0},&quot;15&quot;:&quot;Arial, sans-serif&quot;}\">180x41cm<\/span><\/p>\n<p>\u00d6sszet\u00e9tel: \u00fajrahasznos\u00edtott pamut<\/p>\n","protected":false},"excerpt":{"rendered":"<p>Az \u00d6kotudatos kollekci\u00f3 tagja T\u00fcrkiszz\u00f6ld, \u00fajrahasznos\u00edtott pamutb\u00f3l k\u00e9sz\u00fclt uniszex s\u00e1l. Enyh\u00e9n text\u00far\u00e1lt fel\u00fclet\u0171, elsz\u00f3rtan feh\u00e9r \u00e9s barna cs\u00edkok d\u00edsz\u00edtik. Kifejezetten puha, kellemes \u00e9rz\u00e9s a b\u0151rnek. M\u00e9ret: 180x41cm \u00d6sszet\u00e9tel: \u00fajrahasznos\u00edtott pamut<\/p>\n","protected":false},"featured_media":120,"comment_status":"open","ping_status":"closed","template":"","meta":[],"product_brand":[],"product_cat":[17],"product_tag":[28],"class_list":{"0":"post-116","1":"product","2":"type-product","3":"status-publish","4":"has-post-thumbnail","6":"product_cat-kendo","7":"product_tag-okotudatos","9":"first","10":"instock","11":"sold-individually","12":"shipping-taxable","13":"purchasable","14":"product-type-simple"},"_links":{"self":[{"href":"https:\/\/morellahandwoven.hu\/index.php\/wp-json\/wp\/v2\/product\/116","targetHints":{"allow":["GET"]}}],"collection":[{"href":"https:\/\/morellahandwoven.hu\/index.php\/wp-json\/wp\/v2\/product"}],"about":[{"href":"https:\/\/morellahandwoven.hu\/index.php\/wp-json\/wp\/v2\/types\/product"}],"replies":[{"embeddable":true,"href":"https:\/\/morellahandwoven.hu\/index.php\/wp-json\/wp\/v2\/comments?post=116"}],"wp:featuredmedia":[{"embeddable":true,"href":"https:\/\/morellahandwoven.hu\/index.php\/wp-json\/wp\/v2\/media\/120"}],"wp:attachment":[{"href":"https:\/\/morellahandwoven.hu\/index.php\/wp-json\/wp\/v2\/media?parent=116"}],"wp:term":[{"taxonomy":"product_brand","embeddable":true,"href":"https:\/\/morellahandwoven.hu\/index.php\/wp-json\/wp\/v2\/product_brand?post=116"},{"taxonomy":"product_cat","embeddable":true,"href":"https:\/\/morellahandwoven.hu\/index.php\/wp-json\/wp\/v2\/product_cat?post=116"},{"taxonomy":"product_tag","embeddable":true,"href":"https:\/\/morellahandwoven.hu\/index.php\/wp-json\/wp\/v2\/product_tag?post=116"}],"curies":[{"name":"wp","href":"https:\/\/api.w.org\/{rel}","templated":true}]}}