{"id":142,"date":"2020-11-04T18:42:55","date_gmt":"2020-11-04T17:42:55","guid":{"rendered":"https:\/\/morellahandwoven.hu\/?post_type=product&#038;p=142"},"modified":"2020-11-22T13:19:52","modified_gmt":"2020-11-22T12:19:52","slug":"rozsaszin-lila-korok","status":"publish","type":"product","link":"https:\/\/morellahandwoven.hu\/index.php\/termek\/rozsaszin-lila-korok\/","title":{"rendered":"R\u00f3zsasz\u00edn-lila k\u00f6r\u00f6k kend\u0151"},"content":{"rendered":"<p><span data-sheets-value=\"{&quot;1&quot;:2,&quot;2&quot;:&quot;K\u00e9zzel festett extrafinom merin\u00f3 fonalb\u00f3l sz\u0151tt kend\u0151, melyet hosszan sz\u00edn\u00e1tmenetes, k\u00f6r\u00f6s-szemes tak\u00e1csminta s\u00e1vok d\u00edsz\u00edtenek. K\u00f6zvetlen\u00fcl a b\u0151rrel \u00e9rintkez\u0151 r\u00e9sze v\u00e9kony, kellemes \u00e9rz\u00e9s, a lel\u00f3g\u00f3 sz\u00e9lek vastagabbak, sz\u00fcks\u00e9g eset\u00e9n plussz meleg\u00edt\u0151 r\u00e9teget biztos\u00edtanak.&quot;}\" data-sheets-userformat=\"{&quot;2&quot;:6845,&quot;3&quot;:{&quot;1&quot;:0},&quot;5&quot;:{&quot;1&quot;:[{&quot;1&quot;:2,&quot;2&quot;:0,&quot;5&quot;:{&quot;1&quot;:2,&quot;2&quot;:13421772}},{&quot;1&quot;:0,&quot;2&quot;:0,&quot;3&quot;:3},{&quot;1&quot;:1,&quot;2&quot;:0,&quot;4&quot;:1}]},&quot;6&quot;:{&quot;1&quot;:[{&quot;1&quot;:2,&quot;2&quot;:0,&quot;5&quot;:{&quot;1&quot;:2,&quot;2&quot;:13421772}},{&quot;1&quot;:0,&quot;2&quot;:0,&quot;3&quot;:3},{&quot;1&quot;:1,&quot;2&quot;:0,&quot;4&quot;:1}]},&quot;7&quot;:{&quot;1&quot;:[{&quot;1&quot;:2,&quot;2&quot;:0,&quot;5&quot;:{&quot;1&quot;:2,&quot;2&quot;:13421772}},{&quot;1&quot;:0,&quot;2&quot;:0,&quot;3&quot;:3},{&quot;1&quot;:1,&quot;2&quot;:0,&quot;4&quot;:1}]},&quot;8&quot;:{&quot;1&quot;:[{&quot;1&quot;:2,&quot;2&quot;:0,&quot;5&quot;:{&quot;1&quot;:2,&quot;2&quot;:13421772}},{&quot;1&quot;:0,&quot;2&quot;:0,&quot;3&quot;:3},{&quot;1&quot;:1,&quot;2&quot;:0,&quot;4&quot;:1}]},&quot;10&quot;:2,&quot;12&quot;:0,&quot;14&quot;:{&quot;1&quot;:2,&quot;2&quot;:0},&quot;15&quot;:&quot;Arial, sans-serif&quot;}\">K\u00e9zzel festett extrafinom merin\u00f3 fonalb\u00f3l sz\u0151tt kend\u0151, melyet hosszan sz\u00edn\u00e1tmenetes, k\u00f6r\u00f6s-szemes tak\u00e1csminta s\u00e1vok d\u00edsz\u00edtenek. K\u00f6zvetlen\u00fcl a b\u0151rrel \u00e9rintkez\u0151 r\u00e9sze v\u00e9kony, kellemes \u00e9rz\u00e9s, a lel\u00f3g\u00f3 sz\u00e9lek vastagabbak, sz\u00fcks\u00e9g eset\u00e9n plussz meleg\u00edt\u0151 r\u00e9teget biztos\u00edtanak.<\/span><\/p>\n<p>M\u00e9ret: <span data-sheets-value=\"{&quot;1&quot;:2,&quot;2&quot;:&quot;190x41&quot;}\" data-sheets-userformat=\"{&quot;2&quot;:7101,&quot;3&quot;:{&quot;1&quot;:0},&quot;5&quot;:{&quot;1&quot;:[{&quot;1&quot;:2,&quot;2&quot;:0,&quot;5&quot;:{&quot;1&quot;:2,&quot;2&quot;:13421772}},{&quot;1&quot;:0,&quot;2&quot;:0,&quot;3&quot;:3},{&quot;1&quot;:1,&quot;2&quot;:0,&quot;4&quot;:1}]},&quot;6&quot;:{&quot;1&quot;:[{&quot;1&quot;:2,&quot;2&quot;:0,&quot;5&quot;:{&quot;1&quot;:2,&quot;2&quot;:13421772}},{&quot;1&quot;:0,&quot;2&quot;:0,&quot;3&quot;:3},{&quot;1&quot;:1,&quot;2&quot;:0,&quot;4&quot;:1}]},&quot;7&quot;:{&quot;1&quot;:[{&quot;1&quot;:2,&quot;2&quot;:0,&quot;5&quot;:{&quot;1&quot;:2,&quot;2&quot;:13421772}},{&quot;1&quot;:0,&quot;2&quot;:0,&quot;3&quot;:3},{&quot;1&quot;:1,&quot;2&quot;:0,&quot;4&quot;:1}]},&quot;8&quot;:{&quot;1&quot;:[{&quot;1&quot;:2,&quot;2&quot;:0,&quot;5&quot;:{&quot;1&quot;:2,&quot;2&quot;:13421772}},{&quot;1&quot;:0,&quot;2&quot;:0,&quot;3&quot;:3},{&quot;1&quot;:1,&quot;2&quot;:0,&quot;4&quot;:1}]},&quot;10&quot;:2,&quot;11&quot;:0,&quot;12&quot;:0,&quot;14&quot;:{&quot;1&quot;:2,&quot;2&quot;:0},&quot;15&quot;:&quot;Arial, sans-serif&quot;}\">190x41cm<\/span><\/p>\n<p>\u00d6sszet\u00e9tel: e<span data-sheets-value=\"{&quot;1&quot;:2,&quot;2&quot;:&quot;Extrafinom merino gyapj\u00fa, gyapj\u00fa&quot;}\" data-sheets-userformat=\"{&quot;2&quot;:7101,&quot;3&quot;:{&quot;1&quot;:0},&quot;5&quot;:{&quot;1&quot;:[{&quot;1&quot;:2,&quot;2&quot;:0,&quot;5&quot;:{&quot;1&quot;:2,&quot;2&quot;:13421772}},{&quot;1&quot;:0,&quot;2&quot;:0,&quot;3&quot;:3},{&quot;1&quot;:1,&quot;2&quot;:0,&quot;4&quot;:1}]},&quot;6&quot;:{&quot;1&quot;:[{&quot;1&quot;:2,&quot;2&quot;:0,&quot;5&quot;:{&quot;1&quot;:2,&quot;2&quot;:13421772}},{&quot;1&quot;:0,&quot;2&quot;:0,&quot;3&quot;:3},{&quot;1&quot;:1,&quot;2&quot;:0,&quot;4&quot;:1}]},&quot;7&quot;:{&quot;1&quot;:[{&quot;1&quot;:2,&quot;2&quot;:0,&quot;5&quot;:{&quot;1&quot;:2,&quot;2&quot;:13421772}},{&quot;1&quot;:0,&quot;2&quot;:0,&quot;3&quot;:3},{&quot;1&quot;:1,&quot;2&quot;:0,&quot;4&quot;:1}]},&quot;8&quot;:{&quot;1&quot;:[{&quot;1&quot;:2,&quot;2&quot;:0,&quot;5&quot;:{&quot;1&quot;:2,&quot;2&quot;:13421772}},{&quot;1&quot;:0,&quot;2&quot;:0,&quot;3&quot;:3},{&quot;1&quot;:1,&quot;2&quot;:0,&quot;4&quot;:1}]},&quot;10&quot;:2,&quot;11&quot;:0,&quot;12&quot;:0,&quot;14&quot;:{&quot;1&quot;:2,&quot;2&quot;:0},&quot;15&quot;:&quot;Arial, sans-serif&quot;}\">xtrafinom merino gyapj\u00fa, gyapj\u00fa, pamut<\/span><\/p>\n","protected":false},"excerpt":{"rendered":"<p>K\u00e9zzel festett extrafinom merin\u00f3 fonalb\u00f3l sz\u0151tt kend\u0151, melyet hosszan sz\u00edn\u00e1tmenetes, k\u00f6r\u00f6s-szemes tak\u00e1csminta s\u00e1vok d\u00edsz\u00edtenek. K\u00f6zvetlen\u00fcl a b\u0151rrel \u00e9rintkez\u0151 r\u00e9sze v\u00e9kony, kellemes \u00e9rz\u00e9s, a lel\u00f3g\u00f3 sz\u00e9lek vastagabbak, sz\u00fcks\u00e9g eset\u00e9n plussz meleg\u00edt\u0151 r\u00e9teget biztos\u00edtanak. M\u00e9ret: 190x41cm \u00d6sszet\u00e9tel: extrafinom merino gyapj\u00fa, gyapj\u00fa, pamut<\/p>\n","protected":false},"featured_media":143,"comment_status":"open","ping_status":"closed","template":"","meta":[],"product_brand":[],"product_cat":[17],"product_tag":[25,58,37,75,74],"class_list":{"0":"post-142","1":"product","2":"type-product","3":"status-publish","4":"has-post-thumbnail","6":"product_cat-kendo","7":"product_tag-egyedi-festett","8":"product_tag-gyapju","9":"product_tag-lila","10":"product_tag-rozsaszin","11":"product_tag-szuperfinom-merin","13":"first","14":"instock","15":"sold-individually","16":"shipping-taxable","17":"purchasable","18":"product-type-simple"},"_links":{"self":[{"href":"https:\/\/morellahandwoven.hu\/index.php\/wp-json\/wp\/v2\/product\/142","targetHints":{"allow":["GET"]}}],"collection":[{"href":"https:\/\/morellahandwoven.hu\/index.php\/wp-json\/wp\/v2\/product"}],"about":[{"href":"https:\/\/morellahandwoven.hu\/index.php\/wp-json\/wp\/v2\/types\/product"}],"replies":[{"embeddable":true,"href":"https:\/\/morellahandwoven.hu\/index.php\/wp-json\/wp\/v2\/comments?post=142"}],"wp:featuredmedia":[{"embeddable":true,"href":"https:\/\/morellahandwoven.hu\/index.php\/wp-json\/wp\/v2\/media\/143"}],"wp:attachment":[{"href":"https:\/\/morellahandwoven.hu\/index.php\/wp-json\/wp\/v2\/media?parent=142"}],"wp:term":[{"taxonomy":"product_brand","embeddable":true,"href":"https:\/\/morellahandwoven.hu\/index.php\/wp-json\/wp\/v2\/product_brand?post=142"},{"taxonomy":"product_cat","embeddable":true,"href":"https:\/\/morellahandwoven.hu\/index.php\/wp-json\/wp\/v2\/product_cat?post=142"},{"taxonomy":"product_tag","embeddable":true,"href":"https:\/\/morellahandwoven.hu\/index.php\/wp-json\/wp\/v2\/product_tag?post=142"}],"curies":[{"name":"wp","href":"https:\/\/api.w.org\/{rel}","templated":true}]}}