{"id":149,"date":"2020-11-04T18:48:20","date_gmt":"2020-11-04T17:48:20","guid":{"rendered":"https:\/\/morellahandwoven.hu\/?post_type=product&#038;p=149"},"modified":"2022-03-26T13:32:33","modified_gmt":"2022-03-26T12:32:33","slug":"bezs-stola","status":"publish","type":"product","link":"https:\/\/morellahandwoven.hu\/index.php\/termek\/bezs-stola\/","title":{"rendered":"B\u00e9zs st\u00f3la"},"content":{"rendered":"<p><span data-sheets-value=\"{&quot;1&quot;:2,&quot;2&quot;:&quot;B\u00e9zs st\u00f3la K\u00e9zzel font halv\u00e1ny b\u00e9zs teve-selyem fonal mint\u00e1zza a h\u00f3feh\u00e9r eperfa selyem st\u00f3l\u00e1t. Ragyog\u00f3 f\u00e9ny\u0171, pihepuha, nagyon eleg\u00e1ns, igazi \u00fcnnepi darab. B\u00e1rmely menyasszonyi ruha d\u00edsze is lehetne.\\n White mulberry silk shawl interwoven with handspun baby camel-silk yarn. Shiny, fluffy, really elegant piece. It could be a bridal shawl also...&quot;}\" data-sheets-userformat=\"{&quot;2&quot;:6845,&quot;3&quot;:{&quot;1&quot;:0},&quot;5&quot;:{&quot;1&quot;:[{&quot;1&quot;:2,&quot;2&quot;:0,&quot;5&quot;:{&quot;1&quot;:2,&quot;2&quot;:13421772}},{&quot;1&quot;:0,&quot;2&quot;:0,&quot;3&quot;:3},{&quot;1&quot;:1,&quot;2&quot;:0,&quot;4&quot;:1}]},&quot;6&quot;:{&quot;1&quot;:[{&quot;1&quot;:2,&quot;2&quot;:0,&quot;5&quot;:{&quot;1&quot;:2,&quot;2&quot;:13421772}},{&quot;1&quot;:0,&quot;2&quot;:0,&quot;3&quot;:3},{&quot;1&quot;:1,&quot;2&quot;:0,&quot;4&quot;:1}]},&quot;7&quot;:{&quot;1&quot;:[{&quot;1&quot;:2,&quot;2&quot;:0,&quot;5&quot;:{&quot;1&quot;:2,&quot;2&quot;:13421772}},{&quot;1&quot;:0,&quot;2&quot;:0,&quot;3&quot;:3},{&quot;1&quot;:1,&quot;2&quot;:0,&quot;4&quot;:1}]},&quot;8&quot;:{&quot;1&quot;:[{&quot;1&quot;:2,&quot;2&quot;:0,&quot;5&quot;:{&quot;1&quot;:2,&quot;2&quot;:13421772}},{&quot;1&quot;:0,&quot;2&quot;:0,&quot;3&quot;:3},{&quot;1&quot;:1,&quot;2&quot;:0,&quot;4&quot;:1}]},&quot;10&quot;:2,&quot;12&quot;:0,&quot;14&quot;:{&quot;1&quot;:2,&quot;2&quot;:0},&quot;15&quot;:&quot;Arial, sans-serif&quot;}\">K\u00e9zzel font halv\u00e1ny b\u00e9zs teve-selyem fonal mint\u00e1zza a h\u00f3feh\u00e9r eperfa selyem st\u00f3l\u00e1t. Ragyog\u00f3 f\u00e9ny\u0171, pihepuha, nagyon eleg\u00e1ns, igazi \u00fcnnepi darab. B\u00e1rmely menyasszonyi ruha d\u00edsze is lehetne.<\/span><\/p>\n<p>M\u00e9ret: 185x43cm<\/p>\n<p>\u00d6sszet\u00e9tel: b\u00e9biteve-selyem, mulberry (eperfa) selyem, pamut<\/p>\n<p>&nbsp;<\/p>\n<p>&nbsp;<\/p>\n","protected":false},"excerpt":{"rendered":"<p>K\u00e9zzel font halv\u00e1ny b\u00e9zs teve-selyem fonal mint\u00e1zza a h\u00f3feh\u00e9r eperfa selyem st\u00f3l\u00e1t. Ragyog\u00f3 f\u00e9ny\u0171, pihepuha, nagyon eleg\u00e1ns, igazi \u00fcnnepi darab. B\u00e1rmely menyasszonyi ruha d\u00edsze is lehetne. M\u00e9ret: 185x43cm \u00d6sszet\u00e9tel: b\u00e9biteve-selyem, mulberry (eperfa) selyem, pamut &nbsp; &nbsp;<\/p>\n","protected":false},"featured_media":154,"comment_status":"open","ping_status":"closed","template":"","meta":[],"product_brand":[],"product_cat":[17],"product_tag":[64,72,65,73,26,53,71],"class_list":{"0":"post-149","1":"product","2":"type-product","3":"status-publish","4":"has-post-thumbnail","6":"product_cat-kendo","7":"product_tag-bebiteve","8":"product_tag-bebiteve-selyem","9":"product_tag-bezs","10":"product_tag-feher","11":"product_tag-kezzel-font-fonalbol","12":"product_tag-mulberry-selyem","13":"product_tag-teve-selyem","15":"first","16":"outofstock","17":"sold-individually","18":"shipping-taxable","19":"product-type-simple"},"_links":{"self":[{"href":"https:\/\/morellahandwoven.hu\/index.php\/wp-json\/wp\/v2\/product\/149","targetHints":{"allow":["GET"]}}],"collection":[{"href":"https:\/\/morellahandwoven.hu\/index.php\/wp-json\/wp\/v2\/product"}],"about":[{"href":"https:\/\/morellahandwoven.hu\/index.php\/wp-json\/wp\/v2\/types\/product"}],"replies":[{"embeddable":true,"href":"https:\/\/morellahandwoven.hu\/index.php\/wp-json\/wp\/v2\/comments?post=149"}],"wp:featuredmedia":[{"embeddable":true,"href":"https:\/\/morellahandwoven.hu\/index.php\/wp-json\/wp\/v2\/media\/154"}],"wp:attachment":[{"href":"https:\/\/morellahandwoven.hu\/index.php\/wp-json\/wp\/v2\/media?parent=149"}],"wp:term":[{"taxonomy":"product_brand","embeddable":true,"href":"https:\/\/morellahandwoven.hu\/index.php\/wp-json\/wp\/v2\/product_brand?post=149"},{"taxonomy":"product_cat","embeddable":true,"href":"https:\/\/morellahandwoven.hu\/index.php\/wp-json\/wp\/v2\/product_cat?post=149"},{"taxonomy":"product_tag","embeddable":true,"href":"https:\/\/morellahandwoven.hu\/index.php\/wp-json\/wp\/v2\/product_tag?post=149"}],"curies":[{"name":"wp","href":"https:\/\/api.w.org\/{rel}","templated":true}]}}