{"id":19,"date":"2020-11-03T11:12:53","date_gmt":"2020-11-03T10:12:53","guid":{"rendered":"https:\/\/morellahandwoven.hu\/?post_type=product&#038;p=19"},"modified":"2023-07-20T20:20:35","modified_gmt":"2023-07-20T19:20:35","slug":"csikos-csancsalt-kendo","status":"publish","type":"product","link":"https:\/\/morellahandwoven.hu\/index.php\/termek\/csikos-csancsalt-kendo\/","title":{"rendered":"Cs\u00edkos cs\u00e1ncs\u00e1lt kend\u0151"},"content":{"rendered":"<p><span data-sheets-value=\"{&quot;1&quot;:2,&quot;2&quot;:&quot;Cs\u00edkos cs\u00e1ncs\u00e1lt kend\u0151, alpaca-selyem fonalb\u00f3l\\n A cs\u00edkoz\u00e1st a fonal egyedi fest\u00e9se adja, sz\u00fcrk\u00e9slila \u00e9s r\u00f3zsasz\u00edn fonalakkal k\u00fcl\u00f6nleges vir\u00e1gmint\u00e1t sz\u0151ttem bele. F\u00e9nyes fel\u00fclet\u00e9n m\u00e1lyvasz\u00edn hat\u00e1s fut v\u00e9gig.&quot;}\" data-sheets-userformat=\"{&quot;2&quot;:14911,&quot;3&quot;:{&quot;1&quot;:0},&quot;4&quot;:[null,2,16777215],&quot;5&quot;:{&quot;1&quot;:[{&quot;1&quot;:2,&quot;2&quot;:0,&quot;5&quot;:[null,2,13421772]},{&quot;1&quot;:0,&quot;2&quot;:0,&quot;3&quot;:3},{&quot;1&quot;:1,&quot;2&quot;:0,&quot;4&quot;:1}]},&quot;6&quot;:{&quot;1&quot;:[{&quot;1&quot;:2,&quot;2&quot;:0,&quot;5&quot;:[null,2,13421772]},{&quot;1&quot;:0,&quot;2&quot;:0,&quot;3&quot;:3},{&quot;1&quot;:1,&quot;2&quot;:0,&quot;4&quot;:1}]},&quot;7&quot;:{&quot;1&quot;:[{&quot;1&quot;:2,&quot;2&quot;:0,&quot;5&quot;:[null,2,13421772]},{&quot;1&quot;:0,&quot;2&quot;:0,&quot;3&quot;:3},{&quot;1&quot;:1,&quot;2&quot;:0,&quot;4&quot;:1}]},&quot;8&quot;:{&quot;1&quot;:[{&quot;1&quot;:2,&quot;2&quot;:0,&quot;5&quot;:[null,2,13421772]},{&quot;1&quot;:0,&quot;2&quot;:0,&quot;3&quot;:3},{&quot;1&quot;:1,&quot;2&quot;:0,&quot;4&quot;:1}]},&quot;12&quot;:0,&quot;14&quot;:[null,2,1842721],&quot;15&quot;:&quot;Arial, sans-serif&quot;,&quot;16&quot;:11}\">Cs\u00edkos cs\u00e1ncs\u00e1lt kend\u0151, alpaca-selyem fonalb\u00f3l. A cs\u00edkoz\u00e1st a fonal egyedi fest\u00e9se adja, sz\u00fcrk\u00e9slila \u00e9s r\u00f3zsasz\u00edn fonalakkal k\u00fcl\u00f6nleges vir\u00e1gmint\u00e1t sz\u0151ttem bele. F\u00e9nyes fel\u00fclet\u00e9n m\u00e1lyvasz\u00edn hat\u00e1s fut v\u00e9gig.<\/span><\/p>\n<p>M\u00e9ret: 180&#215;43 cm<\/p>\n<p>\u00d6sszet\u00e9tel: alpaka-selyem, pamut<\/p>\n","protected":false},"excerpt":{"rendered":"<p>Cs\u00edkos cs\u00e1ncs\u00e1lt kend\u0151, alpaca-selyem fonalb\u00f3l. A cs\u00edkoz\u00e1st a fonal egyedi fest\u00e9se adja, sz\u00fcrk\u00e9slila \u00e9s r\u00f3zsasz\u00edn fonalakkal k\u00fcl\u00f6nleges vir\u00e1gmint\u00e1t sz\u0151ttem bele. F\u00e9nyes fel\u00fclet\u00e9n m\u00e1lyvasz\u00edn hat\u00e1s fut v\u00e9gig. M\u00e9ret: 180&#215;43 cm \u00d6sszet\u00e9tel: alpaka-selyem, pamut<\/p>\n","protected":false},"featured_media":24,"comment_status":"open","ping_status":"closed","template":"","meta":[],"product_brand":[],"product_cat":[17],"product_tag":[84,85,25,73,86,75,60],"class_list":{"0":"post-19","1":"product","2":"type-product","3":"status-publish","4":"has-post-thumbnail","6":"product_cat-kendo","7":"product_tag-alpaka-selyem","8":"product_tag-csancsalt-minta","9":"product_tag-egyedi-festett","10":"product_tag-feher","11":"product_tag-malyva","12":"product_tag-rozsaszin","13":"product_tag-voros","15":"first","16":"instock","17":"sold-individually","18":"shipping-taxable","19":"purchasable","20":"product-type-simple"},"_links":{"self":[{"href":"https:\/\/morellahandwoven.hu\/index.php\/wp-json\/wp\/v2\/product\/19","targetHints":{"allow":["GET"]}}],"collection":[{"href":"https:\/\/morellahandwoven.hu\/index.php\/wp-json\/wp\/v2\/product"}],"about":[{"href":"https:\/\/morellahandwoven.hu\/index.php\/wp-json\/wp\/v2\/types\/product"}],"replies":[{"embeddable":true,"href":"https:\/\/morellahandwoven.hu\/index.php\/wp-json\/wp\/v2\/comments?post=19"}],"wp:featuredmedia":[{"embeddable":true,"href":"https:\/\/morellahandwoven.hu\/index.php\/wp-json\/wp\/v2\/media\/24"}],"wp:attachment":[{"href":"https:\/\/morellahandwoven.hu\/index.php\/wp-json\/wp\/v2\/media?parent=19"}],"wp:term":[{"taxonomy":"product_brand","embeddable":true,"href":"https:\/\/morellahandwoven.hu\/index.php\/wp-json\/wp\/v2\/product_brand?post=19"},{"taxonomy":"product_cat","embeddable":true,"href":"https:\/\/morellahandwoven.hu\/index.php\/wp-json\/wp\/v2\/product_cat?post=19"},{"taxonomy":"product_tag","embeddable":true,"href":"https:\/\/morellahandwoven.hu\/index.php\/wp-json\/wp\/v2\/product_tag?post=19"}],"curies":[{"name":"wp","href":"https:\/\/api.w.org\/{rel}","templated":true}]}}