{"id":232,"date":"2020-11-16T22:46:00","date_gmt":"2020-11-16T21:46:00","guid":{"rendered":"https:\/\/morellahandwoven.hu\/?post_type=product&#038;p=232"},"modified":"2020-11-19T18:50:38","modified_gmt":"2020-11-19T17:50:38","slug":"szaharai-naplemente-kendo","status":"publish","type":"product","link":"https:\/\/morellahandwoven.hu\/index.php\/termek\/szaharai-naplemente-kendo\/","title":{"rendered":"Szaharai naplemente kend\u0151"},"content":{"rendered":"<p>A Kelet var\u00e1zsa kollekci\u00f3 tagja<\/p>\n<p>A sivatagi naplement\u00e9k csod\u00e1latos sz\u00edneit adja vissza ez a k\u00fcl\u00f6nleges fest\u00e9s\u0171 b\u00e9biteve-selyem fonalb\u00f3l k\u00e9sz\u00fclt, bord\u00e1s fel\u00fclet\u0171 r\u00f6vid kend\u0151. Kifejezetten puha tapint\u00e1s\u00fa, visel\u0151j\u00e9t luxus m\u00f3don meleg\u00edti, a legs\u00f6t\u00e9tebb t\u00e9li napokon is j\u00f3 kedvre der\u00edti \ud83d\ude42<\/p>\n<p>M\u00e9ret: 151x41cm<\/p>\n<p>\u00d6sszet\u00e9tel: b\u00e9biteve-selyem, pamut<\/p>\n","protected":false},"excerpt":{"rendered":"<p>A Kelet var\u00e1zsa kollekci\u00f3 tagja A sivatagi naplement\u00e9k csod\u00e1latos sz\u00edneit adja vissza ez a k\u00fcl\u00f6nleges fest\u00e9s\u0171 b\u00e9biteve-selyem fonalb\u00f3l k\u00e9sz\u00fclt, bord\u00e1s fel\u00fclet\u0171 r\u00f6vid kend\u0151. Kifejezetten puha tapint\u00e1s\u00fa, visel\u0151j\u00e9t luxus m\u00f3don meleg\u00edti, a legs\u00f6t\u00e9tebb t\u00e9li napokon is j\u00f3 kedvre der\u00edti \ud83d\ude42 M\u00e9ret: 151x41cm \u00d6sszet\u00e9tel: b\u00e9biteve-selyem, pamut<\/p>\n","protected":false},"featured_media":233,"comment_status":"open","ping_status":"closed","template":"","meta":[],"product_brand":[],"product_cat":[17],"product_tag":[64,72,25,31,39,40,52,63,62],"class_list":{"0":"post-232","1":"product","2":"type-product","3":"status-publish","4":"has-post-thumbnail","6":"product_cat-kendo","7":"product_tag-bebiteve","8":"product_tag-bebiteve-selyem","9":"product_tag-egyedi-festett","10":"product_tag-kelet-varazsa-kollekcio","11":"product_tag-narancs","12":"product_tag-pink","13":"product_tag-sarga","14":"product_tag-selyem","15":"product_tag-teve","17":"first","18":"instock","19":"sold-individually","20":"shipping-taxable","21":"purchasable","22":"product-type-simple"},"_links":{"self":[{"href":"https:\/\/morellahandwoven.hu\/index.php\/wp-json\/wp\/v2\/product\/232","targetHints":{"allow":["GET"]}}],"collection":[{"href":"https:\/\/morellahandwoven.hu\/index.php\/wp-json\/wp\/v2\/product"}],"about":[{"href":"https:\/\/morellahandwoven.hu\/index.php\/wp-json\/wp\/v2\/types\/product"}],"replies":[{"embeddable":true,"href":"https:\/\/morellahandwoven.hu\/index.php\/wp-json\/wp\/v2\/comments?post=232"}],"wp:featuredmedia":[{"embeddable":true,"href":"https:\/\/morellahandwoven.hu\/index.php\/wp-json\/wp\/v2\/media\/233"}],"wp:attachment":[{"href":"https:\/\/morellahandwoven.hu\/index.php\/wp-json\/wp\/v2\/media?parent=232"}],"wp:term":[{"taxonomy":"product_brand","embeddable":true,"href":"https:\/\/morellahandwoven.hu\/index.php\/wp-json\/wp\/v2\/product_brand?post=232"},{"taxonomy":"product_cat","embeddable":true,"href":"https:\/\/morellahandwoven.hu\/index.php\/wp-json\/wp\/v2\/product_cat?post=232"},{"taxonomy":"product_tag","embeddable":true,"href":"https:\/\/morellahandwoven.hu\/index.php\/wp-json\/wp\/v2\/product_tag?post=232"}],"curies":[{"name":"wp","href":"https:\/\/api.w.org\/{rel}","templated":true}]}}