{"id":239,"date":"2020-11-16T22:52:10","date_gmt":"2020-11-16T21:52:10","guid":{"rendered":"https:\/\/morellahandwoven.hu\/?post_type=product&#038;p=239"},"modified":"2022-02-24T14:26:04","modified_gmt":"2022-02-24T13:26:04","slug":"ecoprint-tavasz","status":"publish","type":"product","link":"https:\/\/morellahandwoven.hu\/index.php\/termek\/ecoprint-tavasz\/","title":{"rendered":"Ecoprint &#8211; Tavasz kend\u0151"},"content":{"rendered":"<p>Az Ecoprint kollekci\u00f3 tagja<br \/>\nN\u00f6v\u00e9nyekkel, ecoprint technik\u00e1val festett merin\u00f3gyapj\u00fa fonalb\u00f3l sz\u0151tt kend\u0151, mely a tavasz friss sz\u00edneit hordozza mag\u00e1n. Sz\u00ednben hozz\u00e1 ill\u0151, k\u00e9zzel font merin\u00f3-selyem s\u00e1vos mint\u00e1k d\u00edsz\u00edtik.<\/p>\n<p>M\u00e9rete: 160x42cm<br \/>\n\u00d6sszet\u00e9tele: merino gyapj\u00fa, pamut<\/p>\n","protected":false},"excerpt":{"rendered":"<p>A<\/p>\n","protected":false},"featured_media":242,"comment_status":"open","ping_status":"closed","template":"","meta":[],"product_brand":[],"product_cat":[17],"product_tag":[44,61,32,25,46,52,29,42],"class_list":{"0":"post-239","1":"product","2":"type-product","3":"status-publish","4":"has-post-thumbnail","6":"product_cat-kendo","7":"product_tag-barna","8":"product_tag-drapp","9":"product_tag-ecoprint","10":"product_tag-egyedi-festett","11":"product_tag-merino-gyapju","12":"product_tag-sarga","13":"product_tag-termeszetes-festesu","14":"product_tag-zold","16":"first","17":"instock","18":"sold-individually","19":"shipping-taxable","20":"purchasable","21":"product-type-simple"},"_links":{"self":[{"href":"https:\/\/morellahandwoven.hu\/index.php\/wp-json\/wp\/v2\/product\/239","targetHints":{"allow":["GET"]}}],"collection":[{"href":"https:\/\/morellahandwoven.hu\/index.php\/wp-json\/wp\/v2\/product"}],"about":[{"href":"https:\/\/morellahandwoven.hu\/index.php\/wp-json\/wp\/v2\/types\/product"}],"replies":[{"embeddable":true,"href":"https:\/\/morellahandwoven.hu\/index.php\/wp-json\/wp\/v2\/comments?post=239"}],"wp:featuredmedia":[{"embeddable":true,"href":"https:\/\/morellahandwoven.hu\/index.php\/wp-json\/wp\/v2\/media\/242"}],"wp:attachment":[{"href":"https:\/\/morellahandwoven.hu\/index.php\/wp-json\/wp\/v2\/media?parent=239"}],"wp:term":[{"taxonomy":"product_brand","embeddable":true,"href":"https:\/\/morellahandwoven.hu\/index.php\/wp-json\/wp\/v2\/product_brand?post=239"},{"taxonomy":"product_cat","embeddable":true,"href":"https:\/\/morellahandwoven.hu\/index.php\/wp-json\/wp\/v2\/product_cat?post=239"},{"taxonomy":"product_tag","embeddable":true,"href":"https:\/\/morellahandwoven.hu\/index.php\/wp-json\/wp\/v2\/product_tag?post=239"}],"curies":[{"name":"wp","href":"https:\/\/api.w.org\/{rel}","templated":true}]}}