{"id":35,"date":"2020-11-03T15:14:30","date_gmt":"2020-11-03T14:14:30","guid":{"rendered":"https:\/\/morellahandwoven.hu\/?post_type=product&#038;p=35"},"modified":"2020-11-19T18:33:12","modified_gmt":"2020-11-19T17:33:12","slug":"extra-hosszu-csikos-sal","status":"publish","type":"product","link":"https:\/\/morellahandwoven.hu\/index.php\/termek\/extra-hosszu-csikos-sal\/","title":{"rendered":"Extra hossz\u00fa cs\u00edkos kend\u0151"},"content":{"rendered":"<p>Az egyedi k\u00e9zzel festett lila-pink-narancs hosszan sz\u00edn\u00e1tmenetes merin\u00f3-bambusz fonalat v\u00e9kony, feh\u00e9r merin\u00f3 gyapj\u00fa fonal cs\u00edkozza.<\/p>\n<p>K\u00fcl\u00f6nleges text\u00far\u00e1lt, enyh\u00e9n f\u00e9nyes fel\u00fclet\u0171 kend\u0151. M\u00e9ret\u00e9n\u00e9l fogva j\u00f3l bele lehet burkol\u00f3zni, a legnagyobb hidegben is v\u00e9delmet ny\u00fajt.<\/p>\n<p>M\u00e9ret: 310x42cm<\/p>\n<p>\u00d6sszet\u00e9tel: Merin\u00f3 gyapj\u00fa, merin\u00f3 gyapj\u00fa-bambusz, pamut<\/p>\n","protected":false},"excerpt":{"rendered":"<p>Az egyedi k\u00e9zzel festett lila-pink-narancs hosszan sz\u00edn\u00e1tmenetes merin\u00f3-bambusz fonalat v\u00e9kony, feh\u00e9r merin\u00f3 gyapj\u00fa fonal cs\u00edkozza. K\u00fcl\u00f6nleges text\u00far\u00e1lt, enyh\u00e9n f\u00e9nyes fel\u00fclet\u0171 kend\u0151. M\u00e9ret\u00e9n\u00e9l fogva j\u00f3l bele lehet burkol\u00f3zni, a legnagyobb hidegben is v\u00e9delmet ny\u00fajt. M\u00e9ret: 310x42cm \u00d6sszet\u00e9tel: Merin\u00f3 gyapj\u00fa, merin\u00f3 gyapj\u00fa-bambusz, pamut<\/p>\n","protected":false},"featured_media":40,"comment_status":"open","ping_status":"closed","template":"","meta":[],"product_brand":[],"product_cat":[17],"product_tag":[25,36,37,46,47,39,40],"class_list":{"0":"post-35","1":"product","2":"type-product","3":"status-publish","4":"has-post-thumbnail","6":"product_cat-kendo","7":"product_tag-egyedi-festett","8":"product_tag-hosszu-szinatmenetes","9":"product_tag-lila","10":"product_tag-merino-gyapju","11":"product_tag-merino-gyapju-bambusz","12":"product_tag-narancs","13":"product_tag-pink","15":"first","16":"instock","17":"sold-individually","18":"shipping-taxable","19":"purchasable","20":"product-type-simple"},"_links":{"self":[{"href":"https:\/\/morellahandwoven.hu\/index.php\/wp-json\/wp\/v2\/product\/35","targetHints":{"allow":["GET"]}}],"collection":[{"href":"https:\/\/morellahandwoven.hu\/index.php\/wp-json\/wp\/v2\/product"}],"about":[{"href":"https:\/\/morellahandwoven.hu\/index.php\/wp-json\/wp\/v2\/types\/product"}],"replies":[{"embeddable":true,"href":"https:\/\/morellahandwoven.hu\/index.php\/wp-json\/wp\/v2\/comments?post=35"}],"wp:featuredmedia":[{"embeddable":true,"href":"https:\/\/morellahandwoven.hu\/index.php\/wp-json\/wp\/v2\/media\/40"}],"wp:attachment":[{"href":"https:\/\/morellahandwoven.hu\/index.php\/wp-json\/wp\/v2\/media?parent=35"}],"wp:term":[{"taxonomy":"product_brand","embeddable":true,"href":"https:\/\/morellahandwoven.hu\/index.php\/wp-json\/wp\/v2\/product_brand?post=35"},{"taxonomy":"product_cat","embeddable":true,"href":"https:\/\/morellahandwoven.hu\/index.php\/wp-json\/wp\/v2\/product_cat?post=35"},{"taxonomy":"product_tag","embeddable":true,"href":"https:\/\/morellahandwoven.hu\/index.php\/wp-json\/wp\/v2\/product_tag?post=35"}],"curies":[{"name":"wp","href":"https:\/\/api.w.org\/{rel}","templated":true}]}}