{"id":49,"date":"2020-11-03T15:23:00","date_gmt":"2020-11-03T14:23:00","guid":{"rendered":"https:\/\/morellahandwoven.hu\/?post_type=product&#038;p=49"},"modified":"2021-01-23T16:53:10","modified_gmt":"2021-01-23T15:53:10","slug":"cikkcakkos-alpaka","status":"publish","type":"product","link":"https:\/\/morellahandwoven.hu\/index.php\/termek\/cikkcakkos-alpaka\/","title":{"rendered":"Cikkcakkos alpaka s\u00e1l"},"content":{"rendered":"<p><span data-sheets-value=\"{&quot;1&quot;:2,&quot;2&quot;:&quot;K\u00fcl\u00f6nleges cikk-cakkos sz\u00ednhat\u00e1s\u00fa alpaka s\u00e1l. Vastag, m\u00e9gsem neh\u00e9z, puha \u00e9s nagyon meleg!&quot;}\" data-sheets-userformat=\"{&quot;2&quot;:15293,&quot;3&quot;:{&quot;1&quot;:0},&quot;5&quot;:{&quot;1&quot;:[{&quot;1&quot;:2,&quot;2&quot;:0,&quot;5&quot;:[null,2,13421772]},{&quot;1&quot;:0,&quot;2&quot;:0,&quot;3&quot;:3},{&quot;1&quot;:1,&quot;2&quot;:0,&quot;4&quot;:1}]},&quot;6&quot;:{&quot;1&quot;:[{&quot;1&quot;:2,&quot;2&quot;:0,&quot;5&quot;:[null,2,13421772]},{&quot;1&quot;:0,&quot;2&quot;:0,&quot;3&quot;:3},{&quot;1&quot;:1,&quot;2&quot;:0,&quot;4&quot;:1}]},&quot;7&quot;:{&quot;1&quot;:[{&quot;1&quot;:2,&quot;2&quot;:0,&quot;5&quot;:[null,2,13421772]},{&quot;1&quot;:0,&quot;2&quot;:0,&quot;3&quot;:3},{&quot;1&quot;:1,&quot;2&quot;:0,&quot;4&quot;:1}]},&quot;8&quot;:{&quot;1&quot;:[{&quot;1&quot;:2,&quot;2&quot;:0,&quot;5&quot;:[null,2,13421772]},{&quot;1&quot;:0,&quot;2&quot;:0,&quot;3&quot;:3},{&quot;1&quot;:1,&quot;2&quot;:0,&quot;4&quot;:1}]},&quot;10&quot;:2,&quot;11&quot;:0,&quot;12&quot;:0,&quot;14&quot;:[null,2,1842721],&quot;15&quot;:&quot;Arial, sans-serif&quot;,&quot;16&quot;:11}\">Egyedi fest\u00e9ssel k\u00e9sz\u00fclt cikk-cakkos sz\u00ednhat\u00e1s\u00fa alpaka s\u00e1l. Vastag, m\u00e9gsem neh\u00e9z, puha \u00e9s nagyon meleg!<\/span><\/p>\n<p>M\u00e9ret: 160&#215;38 cm<\/p>\n<p>\u00d6sszet\u00e9tel: alpaka, pamut<\/p>\n","protected":false},"excerpt":{"rendered":"<p>Egyedi fest\u00e9ssel k\u00e9sz\u00fclt cikk-cakkos sz\u00ednhat\u00e1s\u00fa alpaka s\u00e1l. Vastag, m\u00e9gsem neh\u00e9z, puha \u00e9s nagyon meleg! M\u00e9ret: 160&#215;38 cm \u00d6sszet\u00e9tel: alpaka, pamut<\/p>\n","protected":false},"featured_media":53,"comment_status":"open","ping_status":"closed","template":"","meta":[],"product_brand":[],"product_cat":[19],"product_tag":[48,92,25,37,42],"class_list":{"0":"post-49","1":"product","2":"type-product","3":"status-publish","4":"has-post-thumbnail","6":"product_cat-sal","7":"product_tag-alpaka","8":"product_tag-cikkcakk","9":"product_tag-egyedi-festett","10":"product_tag-lila","11":"product_tag-zold","13":"first","14":"instock","15":"sold-individually","16":"shipping-taxable","17":"purchasable","18":"product-type-simple"},"_links":{"self":[{"href":"https:\/\/morellahandwoven.hu\/index.php\/wp-json\/wp\/v2\/product\/49","targetHints":{"allow":["GET"]}}],"collection":[{"href":"https:\/\/morellahandwoven.hu\/index.php\/wp-json\/wp\/v2\/product"}],"about":[{"href":"https:\/\/morellahandwoven.hu\/index.php\/wp-json\/wp\/v2\/types\/product"}],"replies":[{"embeddable":true,"href":"https:\/\/morellahandwoven.hu\/index.php\/wp-json\/wp\/v2\/comments?post=49"}],"wp:featuredmedia":[{"embeddable":true,"href":"https:\/\/morellahandwoven.hu\/index.php\/wp-json\/wp\/v2\/media\/53"}],"wp:attachment":[{"href":"https:\/\/morellahandwoven.hu\/index.php\/wp-json\/wp\/v2\/media?parent=49"}],"wp:term":[{"taxonomy":"product_brand","embeddable":true,"href":"https:\/\/morellahandwoven.hu\/index.php\/wp-json\/wp\/v2\/product_brand?post=49"},{"taxonomy":"product_cat","embeddable":true,"href":"https:\/\/morellahandwoven.hu\/index.php\/wp-json\/wp\/v2\/product_cat?post=49"},{"taxonomy":"product_tag","embeddable":true,"href":"https:\/\/morellahandwoven.hu\/index.php\/wp-json\/wp\/v2\/product_tag?post=49"}],"curies":[{"name":"wp","href":"https:\/\/api.w.org\/{rel}","templated":true}]}}