{"id":62,"date":"2020-11-03T15:35:23","date_gmt":"2020-11-03T14:35:23","guid":{"rendered":"https:\/\/morellahandwoven.hu\/?post_type=product&#038;p=62"},"modified":"2021-04-07T21:16:54","modified_gmt":"2021-04-07T20:16:54","slug":"unnep-ragyogasa","status":"publish","type":"product","link":"https:\/\/morellahandwoven.hu\/index.php\/termek\/unnep-ragyogasa\/","title":{"rendered":"\u00dcnnep ragyog\u00e1sa kend\u0151"},"content":{"rendered":"<p>Eleg\u00e1ns, alkalmi kend\u0151 sok tak\u00e1csmint\u00e1val. Ragyog\u00f3 f\u00e9ny\u00e9t az eperfa (mulberry) \u00e9s tussah selyem fonalak, arany sz\u00edn\u00e9t term\u00e9szetes n\u00f6v\u00e9nyi fest\u00e9s adja.<\/p>\n<p>M\u00e9ret: 200x46cm<\/p>\n<p>\u00d6sszet\u00e9tel: mulberry (eperfa) selyem, tussah selyem, merin\u00f3 gyapj\u00fa, pamut<\/p>\n","protected":false},"excerpt":{"rendered":"<p>Eleg\u00e1ns, alkalmi kend\u0151 sok tak\u00e1csmint\u00e1val. Ragyog\u00f3 f\u00e9ny\u00e9t az eperfa (mulberry) \u00e9s tussah selyem fonalak, arany sz\u00edn\u00e9t term\u00e9szetes n\u00f6v\u00e9nyi fest\u00e9s adja. M\u00e9ret: 200x46cm \u00d6sszet\u00e9tel: mulberry (eperfa) selyem, tussah selyem, merin\u00f3 gyapj\u00fa, pamut<\/p>\n","protected":false},"featured_media":69,"comment_status":"open","ping_status":"closed","template":"","meta":[],"product_brand":[],"product_cat":[17],"product_tag":[49,25,50,51,46,53,52,29,54],"class_list":{"0":"post-62","1":"product","2":"type-product","3":"status-publish","4":"has-post-thumbnail","6":"product_cat-kendo","7":"product_tag-arany","8":"product_tag-egyedi-festett","9":"product_tag-ezust","10":"product_tag-fekete","11":"product_tag-merino-gyapju","12":"product_tag-mulberry-selyem","13":"product_tag-sarga","14":"product_tag-termeszetes-festesu","15":"product_tag-tussah-selyem","17":"first","18":"outofstock","19":"sold-individually","20":"shipping-taxable","21":"product-type-simple"},"_links":{"self":[{"href":"https:\/\/morellahandwoven.hu\/index.php\/wp-json\/wp\/v2\/product\/62","targetHints":{"allow":["GET"]}}],"collection":[{"href":"https:\/\/morellahandwoven.hu\/index.php\/wp-json\/wp\/v2\/product"}],"about":[{"href":"https:\/\/morellahandwoven.hu\/index.php\/wp-json\/wp\/v2\/types\/product"}],"replies":[{"embeddable":true,"href":"https:\/\/morellahandwoven.hu\/index.php\/wp-json\/wp\/v2\/comments?post=62"}],"wp:featuredmedia":[{"embeddable":true,"href":"https:\/\/morellahandwoven.hu\/index.php\/wp-json\/wp\/v2\/media\/69"}],"wp:attachment":[{"href":"https:\/\/morellahandwoven.hu\/index.php\/wp-json\/wp\/v2\/media?parent=62"}],"wp:term":[{"taxonomy":"product_brand","embeddable":true,"href":"https:\/\/morellahandwoven.hu\/index.php\/wp-json\/wp\/v2\/product_brand?post=62"},{"taxonomy":"product_cat","embeddable":true,"href":"https:\/\/morellahandwoven.hu\/index.php\/wp-json\/wp\/v2\/product_cat?post=62"},{"taxonomy":"product_tag","embeddable":true,"href":"https:\/\/morellahandwoven.hu\/index.php\/wp-json\/wp\/v2\/product_tag?post=62"}],"curies":[{"name":"wp","href":"https:\/\/api.w.org\/{rel}","templated":true}]}}