{"id":85,"date":"2020-11-03T15:46:05","date_gmt":"2020-11-03T14:46:05","guid":{"rendered":"https:\/\/morellahandwoven.hu\/?post_type=product&#038;p=85"},"modified":"2021-01-03T22:19:42","modified_gmt":"2021-01-03T21:19:42","slug":"lilaszold-kendo","status":"publish","type":"product","link":"https:\/\/morellahandwoven.hu\/index.php\/termek\/lilaszold-kendo\/","title":{"rendered":"Lil\u00e1sz\u00f6ld kend\u0151"},"content":{"rendered":"<p><span data-sheets-value=\"{&quot;1&quot;:2,&quot;2&quot;:&quot;Lil\u00e1sz\u00f6ld s\u00e1l. K\u00e9zzel festett merino gyapj\u00fa-pamut-selyem kever\u00e9k fonalb\u00f3l k\u00e9sz\u00fclt. Tak\u00e1csmint\u00e1s s\u00e1vjait k\u00fcl\u00f6nleges, n\u00f6v\u00e9nnyel festett merinogyapj\u00fa eg\u00e9sz\u00edti ki. Lil\u00e1s-z\u00f6ld fonalait a felvet\u0151sz\u00e1l enyhe barna dereng\u00e9se harmoniz\u00e1lja.\\n 198x41cm\\n Fonal: KicsiKat\u00f3 \u00e9s Morcsi M\u0171hely&quot;}\" data-sheets-userformat=\"{&quot;2&quot;:6717,&quot;3&quot;:{&quot;1&quot;:0},&quot;5&quot;:{&quot;1&quot;:[{&quot;1&quot;:2,&quot;2&quot;:0,&quot;5&quot;:{&quot;1&quot;:2,&quot;2&quot;:13421772}},{&quot;1&quot;:0,&quot;2&quot;:0,&quot;3&quot;:3},{&quot;1&quot;:1,&quot;2&quot;:0,&quot;4&quot;:1}]},&quot;6&quot;:{&quot;1&quot;:[{&quot;1&quot;:2,&quot;2&quot;:0,&quot;5&quot;:{&quot;1&quot;:2,&quot;2&quot;:13421772}},{&quot;1&quot;:0,&quot;2&quot;:0,&quot;3&quot;:3},{&quot;1&quot;:1,&quot;2&quot;:0,&quot;4&quot;:1}]},&quot;7&quot;:{&quot;1&quot;:[{&quot;1&quot;:2,&quot;2&quot;:0,&quot;5&quot;:{&quot;1&quot;:2,&quot;2&quot;:13421772}},{&quot;1&quot;:0,&quot;2&quot;:0,&quot;3&quot;:3},{&quot;1&quot;:1,&quot;2&quot;:0,&quot;4&quot;:1}]},&quot;8&quot;:{&quot;1&quot;:[{&quot;1&quot;:2,&quot;2&quot;:0,&quot;5&quot;:{&quot;1&quot;:2,&quot;2&quot;:13421772}},{&quot;1&quot;:0,&quot;2&quot;:0,&quot;3&quot;:3},{&quot;1&quot;:1,&quot;2&quot;:0,&quot;4&quot;:1}]},&quot;12&quot;:0,&quot;14&quot;:{&quot;1&quot;:2,&quot;2&quot;:0},&quot;15&quot;:&quot;Arial, sans-serif&quot;}\">K\u00e9zzel festett merino gyapj\u00fa-pamut-selyem kever\u00e9k fonalb\u00f3l k\u00e9sz\u00fclt. Tak\u00e1csmint\u00e1s s\u00e1vjait k\u00fcl\u00f6nleges, n\u00f6v\u00e9nnyel festett merinogyapj\u00fa eg\u00e9sz\u00edti ki. Lil\u00e1s-z\u00f6ld fonalait a felvet\u0151sz\u00e1l enyhe barna dereng\u00e9se j\u00e1rja \u00e1t.<\/span><\/p>\n<p><span data-sheets-value=\"{&quot;1&quot;:2,&quot;2&quot;:&quot;Lil\u00e1sz\u00f6ld s\u00e1l. K\u00e9zzel festett merino gyapj\u00fa-pamut-selyem kever\u00e9k fonalb\u00f3l k\u00e9sz\u00fclt. Tak\u00e1csmint\u00e1s s\u00e1vjait k\u00fcl\u00f6nleges, n\u00f6v\u00e9nnyel festett merinogyapj\u00fa eg\u00e9sz\u00edti ki. Lil\u00e1s-z\u00f6ld fonalait a felvet\u0151sz\u00e1l enyhe barna dereng\u00e9se harmoniz\u00e1lja.\\n 198x41cm\\n Fonal: KicsiKat\u00f3 \u00e9s Morcsi M\u0171hely&quot;}\" data-sheets-userformat=\"{&quot;2&quot;:6717,&quot;3&quot;:{&quot;1&quot;:0},&quot;5&quot;:{&quot;1&quot;:[{&quot;1&quot;:2,&quot;2&quot;:0,&quot;5&quot;:{&quot;1&quot;:2,&quot;2&quot;:13421772}},{&quot;1&quot;:0,&quot;2&quot;:0,&quot;3&quot;:3},{&quot;1&quot;:1,&quot;2&quot;:0,&quot;4&quot;:1}]},&quot;6&quot;:{&quot;1&quot;:[{&quot;1&quot;:2,&quot;2&quot;:0,&quot;5&quot;:{&quot;1&quot;:2,&quot;2&quot;:13421772}},{&quot;1&quot;:0,&quot;2&quot;:0,&quot;3&quot;:3},{&quot;1&quot;:1,&quot;2&quot;:0,&quot;4&quot;:1}]},&quot;7&quot;:{&quot;1&quot;:[{&quot;1&quot;:2,&quot;2&quot;:0,&quot;5&quot;:{&quot;1&quot;:2,&quot;2&quot;:13421772}},{&quot;1&quot;:0,&quot;2&quot;:0,&quot;3&quot;:3},{&quot;1&quot;:1,&quot;2&quot;:0,&quot;4&quot;:1}]},&quot;8&quot;:{&quot;1&quot;:[{&quot;1&quot;:2,&quot;2&quot;:0,&quot;5&quot;:{&quot;1&quot;:2,&quot;2&quot;:13421772}},{&quot;1&quot;:0,&quot;2&quot;:0,&quot;3&quot;:3},{&quot;1&quot;:1,&quot;2&quot;:0,&quot;4&quot;:1}]},&quot;12&quot;:0,&quot;14&quot;:{&quot;1&quot;:2,&quot;2&quot;:0},&quot;15&quot;:&quot;Arial, sans-serif&quot;}\">M\u00e9ret: 198x41cm<\/span><\/p>\n<p>\u00d6sszet\u00e9tel: Merin\u00f3 gyapj\u00fa-pamut-selyem-nylon, alpaka-selyem, extrafinom merino gyapj\u00fa, pamut<\/p>\n","protected":false},"excerpt":{"rendered":"<p>K\u00e9zzel festett merino gyapj\u00fa-pamut-selyem kever\u00e9k fonalb\u00f3l k\u00e9sz\u00fclt. Tak\u00e1csmint\u00e1s s\u00e1vjait k\u00fcl\u00f6nleges, n\u00f6v\u00e9nnyel festett merinogyapj\u00fa eg\u00e9sz\u00edti ki. Lil\u00e1s-z\u00f6ld fonalait a felvet\u0151sz\u00e1l enyhe barna dereng\u00e9se j\u00e1rja \u00e1t. M\u00e9ret: 198x41cm \u00d6sszet\u00e9tel: Merin\u00f3 gyapj\u00fa-pamut-selyem-nylon, alpaka-selyem, extrafinom merino gyapj\u00fa, pamut<\/p>\n","protected":false},"featured_media":86,"comment_status":"open","ping_status":"closed","template":"","meta":[],"product_brand":[],"product_cat":[17],"product_tag":[84,44,25,37,76,56,42],"class_list":{"0":"post-85","1":"product","2":"type-product","3":"status-publish","4":"has-post-thumbnail","6":"product_cat-kendo","7":"product_tag-alpaka-selyem","8":"product_tag-barna","9":"product_tag-egyedi-festett","10":"product_tag-lila","11":"product_tag-merino-gyapju-pamut-selyem-nylon","12":"product_tag-szuperfinom-merino-gyapju","13":"product_tag-zold","15":"first","16":"outofstock","17":"sold-individually","18":"shipping-taxable","19":"product-type-simple"},"_links":{"self":[{"href":"https:\/\/morellahandwoven.hu\/index.php\/wp-json\/wp\/v2\/product\/85","targetHints":{"allow":["GET"]}}],"collection":[{"href":"https:\/\/morellahandwoven.hu\/index.php\/wp-json\/wp\/v2\/product"}],"about":[{"href":"https:\/\/morellahandwoven.hu\/index.php\/wp-json\/wp\/v2\/types\/product"}],"replies":[{"embeddable":true,"href":"https:\/\/morellahandwoven.hu\/index.php\/wp-json\/wp\/v2\/comments?post=85"}],"wp:featuredmedia":[{"embeddable":true,"href":"https:\/\/morellahandwoven.hu\/index.php\/wp-json\/wp\/v2\/media\/86"}],"wp:attachment":[{"href":"https:\/\/morellahandwoven.hu\/index.php\/wp-json\/wp\/v2\/media?parent=85"}],"wp:term":[{"taxonomy":"product_brand","embeddable":true,"href":"https:\/\/morellahandwoven.hu\/index.php\/wp-json\/wp\/v2\/product_brand?post=85"},{"taxonomy":"product_cat","embeddable":true,"href":"https:\/\/morellahandwoven.hu\/index.php\/wp-json\/wp\/v2\/product_cat?post=85"},{"taxonomy":"product_tag","embeddable":true,"href":"https:\/\/morellahandwoven.hu\/index.php\/wp-json\/wp\/v2\/product_tag?post=85"}],"curies":[{"name":"wp","href":"https:\/\/api.w.org\/{rel}","templated":true}]}}